{"id":638,"date":"2019-10-08T12:36:32","date_gmt":"2019-10-08T12:36:32","guid":{"rendered":"http:\/\/polexim.144ontour.com\/oferta\/ortopedia-copy\/"},"modified":"2019-11-14T12:05:21","modified_gmt":"2019-11-14T12:05:21","slug":"polityka-prywatnosci","status":"publish","type":"page","link":"https:\/\/www.polexim.com.pl\/en\/polityka-prywatnosci\/","title":{"rendered":"Polityka prywatno\u015bci"},"content":{"rendered":"<p>[et_pb_section fb_built=&#8221;1&#8243; admin_label=&#8221;Hero&#8221; _builder_version=&#8221;3.29.3&#8243; background_color=&#8221;#084666&#8243; use_background_color_gradient=&#8221;on&#8221; background_color_gradient_start=&#8221;#002e4f&#8221; background_color_gradient_end=&#8221;rgba(8,70,102,0.8)&#8221; background_color_gradient_direction=&#8221;170deg&#8221; background_color_gradient_start_position=&#8221;1%&#8221; background_color_gradient_overlays_image=&#8221;on&#8221; background_image=&#8221;https:\/\/www.polexim.com.pl\/wp-content\/uploads\/2018\/10\/test.jpg&#8221; custom_padding=&#8221;|||&#8221;][et_pb_row _builder_version=&#8221;3.25&#8243; background_size=&#8221;initial&#8221; background_position=&#8221;top_left&#8221; background_repeat=&#8221;repeat&#8221; module_alignment=&#8221;center&#8221; custom_padding=&#8221;27px|0px|27px|0px|false|false&#8221;][et_pb_column type=&#8221;4_4&#8243; _builder_version=&#8221;3.25&#8243; custom_padding=&#8221;|||&#8221; custom_padding__hover=&#8221;|||&#8221;][et_pb_text _builder_version=&#8221;3.29.3&#8243; text_font=&#8221;||||||||&#8221; text_font_size=&#8221;20px&#8221; text_line_height=&#8221;1.8em&#8221; header_font=&#8221;Open Sans|800|||||||&#8221; header_font_size=&#8221;60px&#8221; header_line_height=&#8221;1.3em&#8221; background_size=&#8221;initial&#8221; background_position=&#8221;top_left&#8221; background_repeat=&#8221;repeat&#8221; background_layout=&#8221;dark&#8221; max_width=&#8221;600px&#8221; custom_margin=&#8221;|||&#8221; custom_margin_tablet=&#8221;|100px||&#8221; custom_margin_phone=&#8221;|30px||&#8221; custom_margin_last_edited=&#8221;off|desktop&#8221; header_font_size_tablet=&#8221;50px&#8221; header_font_size_phone=&#8221;40px&#8221; header_font_size_last_edited=&#8221;on|phone&#8221; header_line_height_tablet=&#8221;&#8221; header_line_height_phone=&#8221;&#8221; header_line_height_last_edited=&#8221;on|desktop&#8221;]<\/p>\n<h1>Polityka prywatno\u015bci<\/h1>\n<p>[\/et_pb_text][\/et_pb_column][\/et_pb_row][\/et_pb_section][et_pb_section fb_built=&#8221;1&#8243; admin_label=&#8221;About us&#8221; _builder_version=&#8221;3.22&#8243;][et_pb_row _builder_version=&#8221;3.29.3&#8243; width=&#8221;100%&#8221; max_width=&#8221;70%&#8221; use_custom_width=&#8221;on&#8221; custom_width_px=&#8221;1280px&#8221;][et_pb_column type=&#8221;4_4&#8243; _builder_version=&#8221;3.25&#8243; custom_padding=&#8221;|||&#8221; custom_padding__hover=&#8221;|||&#8221;][et_pb_text _builder_version=&#8221;3.29.3&#8243; header_font=&#8221;||||||||&#8221; header_2_font=&#8221;||||||||&#8221; header_3_font=&#8221;||||||||&#8221; header_4_font=&#8221;Montserrat|700||on|||||&#8221; header_4_text_color=&#8221;#a2aab2&#8243; header_4_font_size=&#8221;15px&#8221; header_4_letter_spacing=&#8221;2px&#8221; header_4_line_height=&#8221;1.6em&#8221; max_width=&#8221;520px&#8221; max_width_tablet=&#8221;700px&#8221; max_width_phone=&#8221;700px&#8221; max_width_last_edited=&#8221;off|desktop&#8221; custom_margin=&#8221;||10px|&#8221; custom_margin_tablet=&#8221;|0px||&#8221; custom_margin_phone=&#8221;|0px||&#8221; custom_margin_last_edited=&#8221;off|desktop&#8221; header_2_font_size_tablet=&#8221;30px&#8221; header_2_font_size_last_edited=&#8221;off|desktop&#8221; locked=&#8221;off&#8221;]<\/p>\n<h4>Polexim<\/h4>\n<p>[\/et_pb_text][et_pb_text _builder_version=&#8221;3.29.3&#8243; text_font=&#8221;||||||||&#8221; text_font_size=&#8221;16px&#8221; text_line_height=&#8221;2em&#8221; header_font=&#8221;||||||||&#8221; header_2_font=&#8221;Montserrat|800|||||||&#8221; header_2_font_size=&#8221;30px&#8221; header_2_line_height=&#8221;1.5em&#8221; header_3_font=&#8221;||||||||&#8221; header_4_font=&#8221;||||||||&#8221; max_width_tablet=&#8221;700px&#8221; max_width_phone=&#8221;700px&#8221; max_width_last_edited=&#8221;off|desktop&#8221; custom_margin=&#8221;|||&#8221; custom_margin_tablet=&#8221;|0px||&#8221; custom_margin_phone=&#8221;|0px||&#8221; custom_margin_last_edited=&#8221;off|desktop&#8221; custom_padding=&#8221;10px|||&#8221; header_2_font_size_tablet=&#8221;30px&#8221; header_2_font_size_phone=&#8221;20px&#8221; header_2_font_size_last_edited=&#8221;on|phone&#8221; border_color_all=&#8221;#FF1901&#8243; border_width_top=&#8221;2px&#8221; locked=&#8221;off&#8221;]<\/p>\n<h2>Polityka prywatno\u015bci<\/h2>\n<p>Spe\u0142niaj\u0105c obowi\u0105zek informacyjny wynikaj\u0105cy z art. 13 Rozporz\u0105dzenia Parlamentu Europejskiego i Rady (UE) 2016\/679 w sprawie ochrony os\u00f3b fizycznych w zwi\u0105zku z przetwarzaniem danych osobowych i w sprawie swobodnego przep\u0142ywu takich danych oraz uchylenia dyrektywy 95\/46\/WE (og\u00f3lne rozporz\u0105dzenie o ochronie danych RODO), niniejszym zach\u0119camy do zapoznania si\u0119 z nasz\u0105<br \/> klauzul\u0105 informacyjn\u0105.<\/p>\n<p>Informujemy, i\u017c w ramach naszej witryny wykorzystali\u015bmy pliki COOKIES. Zapisuj\u0105 one informacje niezb\u0119dne do optymalnej pracy serwisu (utrzymanie sesji, cele statystyczne i reklamowe). W ka\u017cdej chwili istnieje mo\u017cliwo\u015b\u0107 zmiany ustawie\u0144 dotycz\u0105cych cookies za pomoc\u0105 przegl\u0105darki internetowej. Dalsze korzystanie z naszej strony internetowej bez zmiany tych ustawie\u0144, oznacza zgod\u0119 na wykorzystanie przez nas plik\u00f3w cookies.<\/p>\n<p><strong>Obowi\u0105zek informacyjny<\/strong><br \/>Spe\u0142niaj\u0105c obowi\u0105zek informacyjny wynikaj\u0105cy z art. 13 Rozporz\u0105dzenia Parlamentu Europejskiego i Rady (UE) 2016\/679 w sprawie ochrony os\u00f3b fizycznych w zwi\u0105zku z przetwarzaniem danych osobowych i w sprawie swobodnego przep\u0142ywu takich danych oraz uchylenia dyrektywy 95\/46\/WE (og\u00f3lne rozporz\u0105dzenie o ochronie danych RODO), niniejszym informuj\u0119, \u017ce:<\/p>\n<p>1. Administratorem Pa\u0144stwa danych osobowych jest PPH POLEXIM GmbH Sp. z o.o., z siedzib\u0105 ul. Obywatelska 129\/131, zwany dalej Administratorem.<\/p>\n<p>2. Administrator ustanowi\u0142 Inspektora Ochrony Danych. W sprawach dotycz\u0105cych ochrony danych osobowych i w celu realizacji Pa\u0144stwa praw prosi o kontakt pod adresem e-mail: daneosobowe@polexim.com.pl lub pisemnie na adres siedziby wskazany powy\u017cej.<\/p>\n<p>3. Pa\u0144stwa dane osobowe b\u0119d\u0105 przetwarzane w celu:<\/p>\n<p>a. niezb\u0119dnym do wykonania umowy, kt\u00f3rej jeste\u015bcie Pa\u0144stwo stron\u0105, na podstawie art. 6 ust.1 lit. b RODO<br \/>b. niezb\u0119dnym do zawarcia umowy w oparciu o Pa\u0144stwa zainteresowanie ofert\u0105, na podstawie art. 6 ust.1 lit. b RODO<br \/>c. ewentualnego dochodzenia lub obrony przed roszczeniami, jako realizacja naszego\u00a0prawnie uzasadnionego interesu, na podstawie art. 6 ust. 1 lit. f RODO<br \/>d. oferowania Pa\u0144stwu produkt\u00f3w i us\u0142ug jako realizacja naszego prawnie uzasadnionego interesu w ramach marketingu bezpo\u015bredniego<br \/>e. wsp\u00f3\u0142pracy z Pa\u0144stwem w celu \u015bwiadczenia us\u0142ug przez Pa\u0144stwa<\/p>\n<p>4. Pa\u0144stwa dane mo\u017cemy przekazywa\u0107:<br \/>a. osobom upowa\u017cnionym przez nas \u2013 naszym pracownikom i wsp\u00f3\u0142pracownikom, kt\u00f3rzy musz\u0105 mie\u0107 dost\u0119p do danych, aby wykonywa\u0107 swoje obowi\u0105zki, <br \/>b. podmiotom przetwarzaj\u0105cym &#8211; kt\u00f3rym zlecimy czynno\u015bci wymagaj\u0105ce przetwarzania danych,<br \/>c. innym odbiorcom \u2013 np. kurierom, ubezpieczycielom, kancelariom prawnym, firmom windykacyjnym, podmiotom, kt\u00f3re na podstawie obowi\u0105zuj\u0105cych przepis\u00f3w mog\u0105 \u017c\u0105da\u0107 przekazania danych.<\/p>\n<p>5. Pa\u0144stwa dane osobowe b\u0119dziemy przetwarza\u0107 w czasie przez kt\u00f3ry mo\u017cecie Pa\u0144stwo wnie\u015b\u0107 reklamacj\u0119 lub pozew, a tak\u017ce w okresie przez kt\u00f3ry zobowi\u0105zani jeste\u015bmy do przetwarzania danych na podstawie ustaw. Dane przetwarzane na potrzeby marketingu bezpo\u015bredniego<br \/>naszych produkt\u00f3w i us\u0142ug przetwarzamy do momentu, a\u017c zg\u0142osz\u0105 Pa\u0144stwo sprzeciw wzgl\u0119dem ich przetwarzania w tym celu.<\/p>\n<p>6. Przys\u0142uguje Pa\u0144stwu prawo do dost\u0119pu do swoich danych oraz otrzymania ich kopii, przenoszenia danych, wniesienia sprzeciwu wobec przetwarzania danych, do sprostowania (poprawiania) swoich danych, usuni\u0119cia danych, ograniczenia przetwarzania danych, do<br \/>wniesienia skargi do organu nadzorczego \u2013 Prezesa Urz\u0119du Ochrony Danych Osobowych.<\/p>\n<p>[\/et_pb_text][et_pb_button button_url=&#8221;https:\/\/www.polexim.com.pl&#8221; button_text=&#8221;Wr\u00f3\u0107 na stron\u0119 g\u0142\u00f3wn\u0105&#8221; _builder_version=&#8221;4.0.6&#8243; custom_button=&#8221;on&#8221; button_text_size=&#8221;15px&#8221; button_bg_color=&#8221;#ffffff&#8221; button_bg_use_color_gradient=&#8221;on&#8221; button_bg_color_gradient_start=&#8221;#FF1901&#8243; button_bg_color_gradient_end=&#8221;rgba(255,25,1,0.76)&#8221; button_border_width=&#8221;0px&#8221; button_border_radius=&#8221;0px&#8221; button_letter_spacing=&#8221;2px&#8221; button_font=&#8221;Open Sans|700||on|||||&#8221; button_use_icon=&#8221;off&#8221; background_layout=&#8221;dark&#8221; custom_margin=&#8221;||||true&#8221; custom_padding=&#8221;16px|32px|16px|32px|true|true&#8221; hover_enabled=&#8221;0&#8243; button_letter_spacing_hover=&#8221;2px&#8221; button_bg_color_hover=&#8221;#FF1901&#8243; button_text_size__hover_enabled=&#8221;off&#8221; button_one_text_size__hover_enabled=&#8221;off&#8221; button_two_text_size__hover_enabled=&#8221;off&#8221; button_text_color__hover_enabled=&#8221;off&#8221; button_one_text_color__hover_enabled=&#8221;off&#8221; button_two_text_color__hover_enabled=&#8221;off&#8221; button_border_width__hover_enabled=&#8221;off&#8221; button_one_border_width__hover_enabled=&#8221;off&#8221; button_two_border_width__hover_enabled=&#8221;off&#8221; button_border_color__hover_enabled=&#8221;off&#8221; button_one_border_color__hover_enabled=&#8221;off&#8221; button_two_border_color__hover_enabled=&#8221;off&#8221; button_border_radius__hover_enabled=&#8221;off&#8221; button_one_border_radius__hover_enabled=&#8221;off&#8221; button_two_border_radius__hover_enabled=&#8221;off&#8221; button_letter_spacing__hover_enabled=&#8221;on&#8221; button_letter_spacing__hover=&#8221;2px&#8221; button_one_letter_spacing__hover_enabled=&#8221;off&#8221; button_two_letter_spacing__hover_enabled=&#8221;off&#8221; button_bg_color__hover_enabled=&#8221;on&#8221; button_bg_color__hover=&#8221;#FF1901&#8243; button_one_bg_color__hover_enabled=&#8221;off&#8221; button_two_bg_color__hover_enabled=&#8221;off&#8221; button_alignment=&#8221;center&#8221; button_text_size_last_edited=&#8221;on|phone&#8221; button_text_size_tablet=&#8221;14px&#8221; button_text_size_phone=&#8221;12px&#8221;][\/et_pb_button][\/et_pb_column][\/et_pb_row][\/et_pb_section]<\/p>","protected":false},"excerpt":{"rendered":"<p>Polityka prywatno\u015bciPoleximPolityka prywatno\u015bci Spe\u0142niaj\u0105c obowi\u0105zek informacyjny wynikaj\u0105cy z art. 13 Rozporz\u0105dzenia Parlamentu Europejskiego i Rady (UE) 2016\/679 w sprawie ochrony os\u00f3b fizycznych w zwi\u0105zku z przetwarzaniem danych osobowych i w sprawie swobodnego przep\u0142ywu takich danych oraz uchylenia dyrektywy 95\/46\/WE (og\u00f3lne rozporz\u0105dzenie o ochronie danych RODO), niniejszym zach\u0119camy do zapoznania si\u0119 z nasz\u0105 klauzul\u0105 informacyjn\u0105. Informujemy, [&hellip;]<\/p>","protected":false},"author":1,"featured_media":0,"parent":0,"menu_order":0,"comment_status":"closed","ping_status":"closed","template":"","meta":{"_et_pb_use_builder":"on","_et_pb_old_content":"","_et_gb_content_width":"","footnotes":""},"yoast_head":"<!-- This site is optimized with the Yoast SEO plugin v20.13 - https:\/\/yoast.com\/wordpress\/plugins\/seo\/ -->\n<title>Polityka prywatno\u015bci - Polexim GmbH - polexim.com.pl<\/title>\n<meta name=\"description\" content=\"Nasza firma posiada szerok\u0105 ofert\u0119 ta\u015bm i gum do obuwia tekstylnego i sk\u00f3rzanego. W asortymencie znajduj\u0105 si\u0119 mi\u0119dzy innymi takie produkty, jak lam\u00f3wki...\" \/>\n<meta name=\"robots\" content=\"index, follow, max-snippet:-1, max-image-preview:large, max-video-preview:-1\" \/>\n<link rel=\"canonical\" href=\"https:\/\/www.polexim.com.pl\/en\/polityka-prywatnosci\/\" \/>\n<meta property=\"og:locale\" content=\"en_US\" \/>\n<meta property=\"og:type\" content=\"article\" \/>\n<meta property=\"og:title\" content=\"Polityka prywatno\u015bci - Polexim GmbH - polexim.com.pl\" \/>\n<meta property=\"og:description\" content=\"Nasza firma posiada szerok\u0105 ofert\u0119 ta\u015bm i gum do obuwia tekstylnego i sk\u00f3rzanego. W asortymencie znajduj\u0105 si\u0119 mi\u0119dzy innymi takie produkty, jak lam\u00f3wki...\" \/>\n<meta property=\"og:url\" content=\"https:\/\/www.polexim.com.pl\/en\/polityka-prywatnosci\/\" \/>\n<meta property=\"og:site_name\" content=\"Polexim GmbH\" \/>\n<meta property=\"article:modified_time\" content=\"2019-11-14T12:05:21+00:00\" \/>\n<meta property=\"og:image\" content=\"https:\/\/www.polexim.com.pl\/wp-content\/uploads\/2019\/09\/FB.png\" \/>\n\t<meta property=\"og:image:width\" content=\"1200\" \/>\n\t<meta property=\"og:image:height\" content=\"630\" \/>\n\t<meta property=\"og:image:type\" content=\"image\/png\" \/>\n<meta name=\"twitter:card\" content=\"summary_large_image\" \/>\n<meta name=\"twitter:label1\" content=\"Est. reading time\" \/>\n\t<meta name=\"twitter:data1\" content=\"6 minutes\" \/>\n<script type=\"application\/ld+json\" class=\"yoast-schema-graph\">{\"@context\":\"https:\/\/schema.org\",\"@graph\":[{\"@type\":\"WebPage\",\"@id\":\"https:\/\/www.polexim.com.pl\/polityka-prywatnosci\/\",\"url\":\"https:\/\/www.polexim.com.pl\/polityka-prywatnosci\/\",\"name\":\"Polityka prywatno\u015bci - Polexim GmbH - polexim.com.pl\",\"isPartOf\":{\"@id\":\"https:\/\/www.polexim.com.pl\/#website\"},\"datePublished\":\"2019-10-08T12:36:32+00:00\",\"dateModified\":\"2019-11-14T12:05:21+00:00\",\"description\":\"Nasza firma posiada szerok\u0105 ofert\u0119 ta\u015bm i gum do obuwia tekstylnego i sk\u00f3rzanego. W asortymencie znajduj\u0105 si\u0119 mi\u0119dzy innymi takie produkty, jak lam\u00f3wki...\",\"breadcrumb\":{\"@id\":\"https:\/\/www.polexim.com.pl\/polityka-prywatnosci\/#breadcrumb\"},\"inLanguage\":\"en-US\",\"potentialAction\":[{\"@type\":\"ReadAction\",\"target\":[\"https:\/\/www.polexim.com.pl\/polityka-prywatnosci\/\"]}]},{\"@type\":\"BreadcrumbList\",\"@id\":\"https:\/\/www.polexim.com.pl\/polityka-prywatnosci\/#breadcrumb\",\"itemListElement\":[{\"@type\":\"ListItem\",\"position\":1,\"name\":\"Home\",\"item\":\"https:\/\/www.polexim.com.pl\/\"},{\"@type\":\"ListItem\",\"position\":2,\"name\":\"Polityka prywatno\u015bci\"}]},{\"@type\":\"WebSite\",\"@id\":\"https:\/\/www.polexim.com.pl\/#website\",\"url\":\"https:\/\/www.polexim.com.pl\/\",\"name\":\"Polexim GmbH\",\"description\":\"\",\"potentialAction\":[{\"@type\":\"SearchAction\",\"target\":{\"@type\":\"EntryPoint\",\"urlTemplate\":\"https:\/\/www.polexim.com.pl\/?s={search_term_string}\"},\"query-input\":\"required name=search_term_string\"}],\"inLanguage\":\"en-US\"}]}<\/script>\n<!-- \/ Yoast SEO plugin. -->","yoast_head_json":{"title":"Polityka prywatno\u015bci - Polexim GmbH - polexim.com.pl","description":"Nasza firma posiada szerok\u0105 ofert\u0119 ta\u015bm i gum do obuwia tekstylnego i sk\u00f3rzanego. W asortymencie znajduj\u0105 si\u0119 mi\u0119dzy innymi takie produkty, jak lam\u00f3wki...","robots":{"index":"index","follow":"follow","max-snippet":"max-snippet:-1","max-image-preview":"max-image-preview:large","max-video-preview":"max-video-preview:-1"},"canonical":"https:\/\/www.polexim.com.pl\/en\/polityka-prywatnosci\/","og_locale":"en_US","og_type":"article","og_title":"Polityka prywatno\u015bci - Polexim GmbH - polexim.com.pl","og_description":"Nasza firma posiada szerok\u0105 ofert\u0119 ta\u015bm i gum do obuwia tekstylnego i sk\u00f3rzanego. W asortymencie znajduj\u0105 si\u0119 mi\u0119dzy innymi takie produkty, jak lam\u00f3wki...","og_url":"https:\/\/www.polexim.com.pl\/en\/polityka-prywatnosci\/","og_site_name":"Polexim GmbH","article_modified_time":"2019-11-14T12:05:21+00:00","og_image":[{"width":1200,"height":630,"url":"https:\/\/www.polexim.com.pl\/wp-content\/uploads\/2019\/09\/FB.png","type":"image\/png"}],"twitter_card":"summary_large_image","twitter_misc":{"Est. reading time":"6 minutes"},"schema":{"@context":"https:\/\/schema.org","@graph":[{"@type":"WebPage","@id":"https:\/\/www.polexim.com.pl\/polityka-prywatnosci\/","url":"https:\/\/www.polexim.com.pl\/polityka-prywatnosci\/","name":"Polityka prywatno\u015bci - Polexim GmbH - polexim.com.pl","isPartOf":{"@id":"https:\/\/www.polexim.com.pl\/#website"},"datePublished":"2019-10-08T12:36:32+00:00","dateModified":"2019-11-14T12:05:21+00:00","description":"Nasza firma posiada szerok\u0105 ofert\u0119 ta\u015bm i gum do obuwia tekstylnego i sk\u00f3rzanego. W asortymencie znajduj\u0105 si\u0119 mi\u0119dzy innymi takie produkty, jak lam\u00f3wki...","breadcrumb":{"@id":"https:\/\/www.polexim.com.pl\/polityka-prywatnosci\/#breadcrumb"},"inLanguage":"en-US","potentialAction":[{"@type":"ReadAction","target":["https:\/\/www.polexim.com.pl\/polityka-prywatnosci\/"]}]},{"@type":"BreadcrumbList","@id":"https:\/\/www.polexim.com.pl\/polityka-prywatnosci\/#breadcrumb","itemListElement":[{"@type":"ListItem","position":1,"name":"Home","item":"https:\/\/www.polexim.com.pl\/"},{"@type":"ListItem","position":2,"name":"Polityka prywatno\u015bci"}]},{"@type":"WebSite","@id":"https:\/\/www.polexim.com.pl\/#website","url":"https:\/\/www.polexim.com.pl\/","name":"Polexim GmbH","description":"","potentialAction":[{"@type":"SearchAction","target":{"@type":"EntryPoint","urlTemplate":"https:\/\/www.polexim.com.pl\/?s={search_term_string}"},"query-input":"required name=search_term_string"}],"inLanguage":"en-US"}]}},"_links":{"self":[{"href":"https:\/\/www.polexim.com.pl\/en\/wp-json\/wp\/v2\/pages\/638"}],"collection":[{"href":"https:\/\/www.polexim.com.pl\/en\/wp-json\/wp\/v2\/pages"}],"about":[{"href":"https:\/\/www.polexim.com.pl\/en\/wp-json\/wp\/v2\/types\/page"}],"author":[{"embeddable":true,"href":"https:\/\/www.polexim.com.pl\/en\/wp-json\/wp\/v2\/users\/1"}],"replies":[{"embeddable":true,"href":"https:\/\/www.polexim.com.pl\/en\/wp-json\/wp\/v2\/comments?post=638"}],"version-history":[{"count":3,"href":"https:\/\/www.polexim.com.pl\/en\/wp-json\/wp\/v2\/pages\/638\/revisions"}],"predecessor-version":[{"id":723,"href":"https:\/\/www.polexim.com.pl\/en\/wp-json\/wp\/v2\/pages\/638\/revisions\/723"}],"wp:attachment":[{"href":"https:\/\/www.polexim.com.pl\/en\/wp-json\/wp\/v2\/media?parent=638"}],"curies":[{"name":"wp","href":"https:\/\/api.w.org\/{rel}","templated":true}]}}